{"id":6,"date":"2021-11-25T10:06:15","date_gmt":"2021-11-25T10:06:15","guid":{"rendered":"https:\/\/calagend.wordpress.com\/home\/"},"modified":"2024-11-07T10:59:04","modified_gmt":"2024-11-07T13:59:04","slug":"inicio","status":"publish","type":"page","link":"https:\/\/chile.calagend.com\/","title":{"rendered":"Inicio"},"content":{"rendered":"\n<figure class=\"wp-block-image size-full\"><img loading=\"lazy\" decoding=\"async\" width=\"2000\" height=\"1125\" src=\"https:\/\/chile.calagend.com\/wp-content\/uploads\/2023\/03\/74478-fondo_2.jpg\" alt=\"\" class=\"wp-image-485\"\/><\/figure>\n\n\n<h1>Asistente Virtual 24\/7<\/h1>\n<p>Calagend una herramienta web que automatiza la reserva de tus horas, te libera de procesos administrativos, mejora la experiencia de interacci\u00f3n con tus clientes y aumenta tu visibilidad.<\/p>\n<div style=\"width: 1280px;\" class=\"wp-video\"><video class=\"wp-video-shortcode\" id=\"video-6-1\" width=\"1280\" height=\"720\" preload=\"metadata\" controls=\"controls\"><source type=\"video\/mp4\" src=\"http:\/\/chile.calagend.com\/wp-content\/uploads\/2023\/04\/calagend_promo.mp4?_=1\" \/><a href=\"http:\/\/chile.calagend.com\/wp-content\/uploads\/2023\/04\/calagend_promo.mp4\">http:\/\/chile.calagend.com\/wp-content\/uploads\/2023\/04\/calagend_promo.mp4<\/a><\/video><\/div>\n<p><a role=\"button\" href=\"https:\/\/www.calagend.com\/registro\" target=\"_blank\" rel=\"noopener\"><br \/>PRUEBA GRATUITA*<br \/><\/a><\/p>\n<p>*Prueba primeros 30 d\u00edas por solo CLP $10<\/p>\n<p>Al t\u00e9rmino del periodo de prueba el servicio quedar\u00e1 pausado. y no se har\u00e1 ning\u00fan cargo adicional. En caso de querer una suscripci\u00f3n anual, se podr\u00e1 contratar mediante Transbank en la secci\u00f3n COMPLEMENTOS.<\/p>\n<h2>Calagend integra 6 funciones en 1 plataforma f\u00e1cil de usar<\/h2>\n<p><img loading=\"lazy\" decoding=\"async\" class=\"alignnone size-full wp-image-486\" src=\"http:\/\/chile.calagend.com\/wp-content\/uploads\/2023\/03\/3bf02-4.jpg\" alt=\"\" width=\"307\" height=\"287\" \/><\/p>\n<h3>Reserva de horas y gesti\u00f3n de agenda<\/h3>\n<p>Un sistema de agendamiento online que optimiza la agenda de profesionales y prestadores de servicios.<\/p>\n<p><img loading=\"lazy\" decoding=\"async\" class=\"alignnone size-full wp-image-487\" src=\"http:\/\/chile.calagend.com\/wp-content\/uploads\/2023\/03\/d19de-10.jpg\" alt=\"\" width=\"307\" height=\"287\" \/><\/p>\n<h3>CRM<\/h3>\n<p>Dise\u00f1ada para automatizar, modernizar y simplificar la relaci\u00f3n con los clientes.<\/p>\n<p>(Ver datos de contacto, ficha de atenci\u00f3n por sesi\u00f3n, enviar mensajes, enviar recordatorios de pago, time line de atenciones, agendamiento directo entre otras funcionalidades)<\/p>\n<p><img loading=\"lazy\" decoding=\"async\" class=\"wp-image-488 alignnone\" src=\"http:\/\/chile.calagend.com\/wp-content\/uploads\/2023\/03\/00ba7-logo-apm.png\" alt=\"\" width=\"337\" height=\"130\" \/><\/p>\n<h3>Recibe un feedback de tu servicio<\/h3>\n<p>Integraci\u00f3n directa con Amor por la Marca para que midas las experiencias que generas en tus usuarios.<\/p>\n<p><img loading=\"lazy\" decoding=\"async\" class=\"alignnone size-full wp-image-489\" src=\"http:\/\/chile.calagend.com\/wp-content\/uploads\/2023\/03\/ac622-c1.jpg\" alt=\"\" width=\"307\" height=\"287\" \/><\/p>\n<h3>Buscador de profesionales<\/h3>\n<p>Tendr\u00e1s una mayor visibilidad gracias a nuestro buscador de servicios y profesionales.<\/p>\n<p><img loading=\"lazy\" decoding=\"async\" class=\"alignnone size-full wp-image-490\" src=\"http:\/\/chile.calagend.com\/wp-content\/uploads\/2023\/03\/43f48-1.jpg\" alt=\"\" width=\"307\" height=\"287\" \/><\/p>\n<h3>Pago integrado<\/h3>\n<p>Cuenta con Webpay integrado para el pago de tus horas y servicios reservados.<\/p>\n<p>Recibe el pago de las horas reservadas a trav\u00e9s de Webpay.<\/p>\n<p>Tenemos la comisi\u00f3n por pago m\u00e1s baja del mercado. \u00a1Compara!<\/p>\n<p>Retira semanalmente lo que recaudes sin una comisi\u00f3n adicional.<\/p>\n<p><img loading=\"lazy\" decoding=\"async\" class=\"alignnone size-full wp-image-491\" src=\"http:\/\/chile.calagend.com\/wp-content\/uploads\/2023\/03\/7db08-c4.jpg\" alt=\"\" width=\"307\" height=\"287\" \/><\/p>\n<h3>Teleatenci\u00f3n<\/h3>\n<p>Realiza tus reuniones y videollamadas directamente en Calagend. Tus clientes realizan la reserva y el pago en la misma plataforma.<\/p>\n<p>(compatible con todas las plataformas zoom, meet, team, etc.)<\/p>\n<p><img loading=\"lazy\" decoding=\"async\" class=\"alignnone size-full wp-image-492\" src=\"http:\/\/chile.calagend.com\/wp-content\/uploads\/2023\/03\/bc026-diseno-sin-titulo-2.gif\" alt=\"\" width=\"307\" height=\"287\" \/><\/p>\n<h3>Y mucho m\u00e1s&#8230;<\/h3>\n<p>Herramientas de mensajer\u00eda, teleatenci\u00f3n, calendarios, informes y m\u00e1s&#8230;<\/p>\n<p><strong>Explora las m\u00faltiples herramientas que Calagend te entrega<\/strong><\/p>\n<div style=\"width: 1280px;\" class=\"wp-video\"><video class=\"wp-video-shortcode\" id=\"video-6-2\" width=\"1280\" height=\"720\" preload=\"metadata\" controls=\"controls\"><source type=\"video\/mp4\" src=\"http:\/\/chile.calagend.com\/wp-content\/uploads\/2023\/04\/calagend_final_pro.mp4?_=2\" \/><a href=\"http:\/\/chile.calagend.com\/wp-content\/uploads\/2023\/04\/calagend_final_pro.mp4\">http:\/\/chile.calagend.com\/wp-content\/uploads\/2023\/04\/calagend_final_pro.mp4<\/a><\/video><\/div>\n<p><a role=\"button\" href=\"https:\/\/www.calagend.com\/registro\" target=\"_blank\" rel=\"noopener\"><br \/>PRUEBA GRATUITA*<br \/><\/a><\/p>\n<p>*Prueba primeros 30 d\u00edas por solo CLP $10<\/p>\n<p>Al t\u00e9rmino del periodo de prueba el servicio quedar\u00e1 pausado. y no se har\u00e1 ning\u00fan cargo adicional. En caso de querer una suscripci\u00f3n anual, se podr\u00e1 contratar mediante Transbank en la secci\u00f3n COMPLEMENTOS.<\/p>\n<h2>Han confiado en nosotros<\/h2>\n<p>En nuestros primeros meses hemos colaborado junto con Empresas y Prestadores independientes.<\/p>\n<p>+192 usuarios y sumando<\/p>\n<p>(etapa testing)<\/p>\n<p><a href=\"https:\/\/calagend.com\/landing\/pediatra_a_tu_casa\" target=\"_blank\" rel=\"noopener\"><br \/><\/a><a href=\"https:\/\/calagend.com\/landing\/pediatra_a_tu_casa\" target=\"_blank\" rel=\"noopener\"><img loading=\"lazy\" decoding=\"async\" class=\"alignnone wp-image-493 size-full\" src=\"http:\/\/chile.calagend.com\/wp-content\/uploads\/2023\/03\/29e73-1.png\" alt=\"\" width=\"300\" height=\"300\" \/><\/a><br \/><a role=\"button\" href=\"https:\/\/calagend.com\/landing\/pediatra_a_tu_casa\" target=\"_blank\" rel=\"noopener\">Conoce el landing de agendamiento de Pediatra a tu Casa<br \/><\/a><br \/><a href=\"https:\/\/www.eolresearch.com\/\" target=\"_blank\" rel=\"noopener\"><br \/><img loading=\"lazy\" decoding=\"async\" class=\"alignnone size-full wp-image-494\" src=\"http:\/\/chile.calagend.com\/wp-content\/uploads\/2023\/03\/4b299-2.png\" alt=\"\" width=\"300\" height=\"300\" \/>\u00a0<\/a><br \/><img loading=\"lazy\" decoding=\"async\" class=\"alignnone size-full wp-image-495\" src=\"http:\/\/chile.calagend.com\/wp-content\/uploads\/2023\/03\/4d5ea-3.png\" alt=\"\" width=\"300\" height=\"300\" \/><\/p>\n<h2>\u00a1Crea tu cuenta y prueba Calagend hoy!<\/h2>\n<p><strong>Suscripci\u00f3n anual<\/strong><\/p>\n<p><strong>CLP$170.800<\/strong><\/p>\n<p>Solo CLP$14.233 al mes<\/p>\n<p><a role=\"button\" href=\"https:\/\/www.calagend.com\/registro\" target=\"_blank\" rel=\"noopener\"><br \/>PRUEBA GRATUITA*<br \/><\/a><\/p>\n<p>*Prueba primeros 30 d\u00edas por solo CLP $10<\/p>\n<p>Al t\u00e9rmino del periodo de prueba el servicio quedar\u00e1 pausado. y no se har\u00e1 ning\u00fan cargo adicional. En caso de querer una suscripci\u00f3n anual, se podr\u00e1 contratar mediante Transbank en la secci\u00f3n COMPLEMENTOS.<\/p>\n<p>Si necesitas m\u00e1s informaci\u00f3n, agenda una hora con uno de nuestros gu\u00edas de Calagend.<\/p>\n<p><a role=\"button\" href=\"https:\/\/www.calagend.com\/landing\/calagend\" target=\"_blank\" rel=\"noopener\"><br \/>Habla con un ejecutivo<br \/><\/a><br \/><a href=\"https:\/\/www.facebook.com\/CalagendOptimizatuAgenda\" target=\"_blank\" rel=\"noopener\"><br \/>Facebook<br \/><\/a><br \/><a href=\"https:\/\/www.instagram.com\/calagend_\/\" target=\"_blank\" rel=\"noopener\"><br \/>Instagram<br \/><\/a><br \/><a href=\"https:\/\/www.linkedin.com\/company\/79994251\/\" target=\"_blank\" rel=\"noopener\"><br \/>Linkedin<br \/><\/a><\/p>","protected":false},"excerpt":{"rendered":"<p>Asistente Virtual 24\/7 Calagend una herramienta web que automatiza la reserva de tus horas, te libera de procesos administrativos, mejora la experiencia de interacci\u00f3n con tus clientes y aumenta tu visibilidad. PRUEBA GRATUITA* *Prueba primeros 30 d\u00edas por solo CLP $10 Al t\u00e9rmino del periodo de prueba el servicio quedar\u00e1 pausado. y no se har\u00e1 [&hellip;]<\/p>\n","protected":false},"author":1,"featured_media":55,"parent":0,"menu_order":0,"comment_status":"closed","ping_status":"closed","template":"","meta":{"footnotes":""},"class_list":["post-6","page","type-page","status-publish","has-post-thumbnail","hentry"],"_links":{"self":[{"href":"https:\/\/chile.calagend.com\/index.php\/wp-json\/wp\/v2\/pages\/6","targetHints":{"allow":["GET"]}}],"collection":[{"href":"https:\/\/chile.calagend.com\/index.php\/wp-json\/wp\/v2\/pages"}],"about":[{"href":"https:\/\/chile.calagend.com\/index.php\/wp-json\/wp\/v2\/types\/page"}],"author":[{"embeddable":true,"href":"https:\/\/chile.calagend.com\/index.php\/wp-json\/wp\/v2\/users\/1"}],"replies":[{"embeddable":true,"href":"https:\/\/chile.calagend.com\/index.php\/wp-json\/wp\/v2\/comments?post=6"}],"version-history":[{"count":4,"href":"https:\/\/chile.calagend.com\/index.php\/wp-json\/wp\/v2\/pages\/6\/revisions"}],"predecessor-version":[{"id":508,"href":"https:\/\/chile.calagend.com\/index.php\/wp-json\/wp\/v2\/pages\/6\/revisions\/508"}],"wp:featuredmedia":[{"embeddable":true,"href":"https:\/\/chile.calagend.com\/index.php\/wp-json\/"}],"wp:attachment":[{"href":"https:\/\/chile.calagend.com\/index.php\/wp-json\/wp\/v2\/media?parent=6"}],"curies":[{"name":"wp","href":"https:\/\/api.w.org\/{rel}","templated":true}]}}